{"id":3632,"date":"2022-07-05T14:23:48","date_gmt":"2022-07-05T14:23:48","guid":{"rendered":"https:\/\/aloeboutiquehotel.gr\/?page_id=3632"},"modified":"2025-02-15T10:25:35","modified_gmt":"2025-02-15T10:25:35","slug":"amenities-services","status":"publish","type":"page","link":"https:\/\/aloeboutiquehotel.gr\/de\/amenities-services\/","title":{"rendered":"Amenities &#038; Services"},"content":{"rendered":"<div data-elementor-type=\"wp-page\" data-elementor-id=\"3632\" class=\"elementor elementor-3632\">\n\t\t\t\t\t\t<section class=\"elementor-section elementor-top-section elementor-element elementor-element-96014c9 elementor-section-full_width elementor-section-height-default elementor-section-height-default qodef-elementor-content-no\" data-id=\"96014c9\" data-element_type=\"section\">\n\t\t\t\t\t\t<div class=\"elementor-container elementor-column-gap-no\">\n\t\t\t\t\t<div class=\"elementor-column elementor-col-100 elementor-top-column elementor-element elementor-element-9fce07f\" data-id=\"9fce07f\" data-element_type=\"column\">\n\t\t\t<div class=\"elementor-widget-wrap elementor-element-populated\">\n\t\t\t\t\t\t<div class=\"elementor-element elementor-element-0a23140 elementor-widget elementor-widget-slider_revolution\" data-id=\"0a23140\" data-element_type=\"widget\" data-widget_type=\"slider_revolution.default\">\n\t\t\t\t<div class=\"elementor-widget-container\">\n\t\t\t\t\t\r\n\t\t<div class=\"wp-block-themepunch-revslider\">\n\t\t\t<!-- START Facilities REVOLUTION SLIDER 6.5.19 --><p class=\"rs-p-wp-fix\"><\/p>\n\t\t\t<rs-module-wrap id=\"rev_slider_12_1_wrapper\" data-source=\"gallery\" style=\"visibility:hidden;background:transparent;padding:0;margin:0px auto;margin-top:0;margin-bottom:0;background-image:url(https:\/\/aloeboutiquehotel.gr\/wp-content\/uploads\/2022\/07\/aloe-boutique-hotel-00010.jpg);background-repeat:no-repeat;background-size:cover;background-position:center center;\">\n\t\t\t\t<rs-module id=\"rev_slider_12_1\" style=\"\" data-version=\"6.5.19\">\n\t\t\t\t\t<rs-slides>\n\t\t\t\t\t\t<rs-slide style=\"position: absolute;\" data-key=\"rs-25\" data-title=\"Slide\" data-in=\"o:0;\" data-out=\"a:false;\">\n\t\t\t\t\t\t\t<img fetchpriority=\"high\" decoding=\"async\" src=\"\/\/aloeboutiquehotel.gr\/wp-content\/plugins\/revslider\/public\/assets\/assets\/dummy.png\" alt=\"\" title=\"aloe-boutique-hotel-00010\" width=\"1600\" height=\"1067\" class=\"rev-slidebg tp-rs-img rs-lazyload\" data-lazyload=\"\/\/aloeboutiquehotel.gr\/wp-content\/uploads\/2022\/07\/aloe-boutique-hotel-00010.jpg\" data-parallax=\"6\" data-no-retina>\n<!---->\t\t\t\t\t\t<\/rs-slide>\n\t\t\t\t\t<\/rs-slides>\n\t\t\t\t\t<rs-static-layers><!--\n\t\t\t\t\t--><\/rs-static-layers>\n\t\t\t\t<\/rs-module>\n\t\t\t\t<script>\n\t\t\t\t\tsetREVStartSize({c: 'rev_slider_12_1',rl:[1240,1024,778,480],el:[800,645,600,597],gw:[1300,1100,768,300],gh:[800,645,600,597],type:'standard',justify:'',layout:'fullwidth',mh:\"0\"});if (window.RS_MODULES!==undefined && window.RS_MODULES.modules!==undefined && window.RS_MODULES.modules[\"revslider121\"]!==undefined) {window.RS_MODULES.modules[\"revslider121\"].once = false;window.revapi12 = undefined;if (window.RS_MODULES.checkMinimal!==undefined) window.RS_MODULES.checkMinimal()}\n\t\t\t\t<\/script>\n\t\t\t<\/rs-module-wrap>\n\t\t\t<!-- END REVOLUTION SLIDER -->\n<\/div>\r\n\r\n\t\t\t\t\t\t<\/div>\n\t\t\t\t<\/div>\n\t\t\t\t\t<\/div>\n\t\t<\/div>\n\t\t\t\t\t<\/div>\n\t\t<\/section>\n\t\t\t\t<section class=\"elementor-section elementor-top-section elementor-element elementor-element-e9c97a2 elementor-section-boxed elementor-section-height-default elementor-section-height-default qodef-elementor-content-no\" data-id=\"e9c97a2\" data-element_type=\"section\">\n\t\t\t\t\t\t<div class=\"elementor-container elementor-column-gap-default\">\n\t\t\t\t\t<div class=\"elementor-column elementor-col-100 elementor-top-column elementor-element elementor-element-9f523ae\" data-id=\"9f523ae\" data-element_type=\"column\">\n\t\t\t<div class=\"elementor-widget-wrap elementor-element-populated\">\n\t\t\t\t\t\t<div class=\"elementor-element elementor-element-a884fbb elementor-widget elementor-widget-heading\" data-id=\"a884fbb\" data-element_type=\"widget\" data-widget_type=\"heading.default\">\n\t\t\t\t<div class=\"elementor-widget-container\">\n\t\t\t\t\t<h3 class=\"elementor-heading-title elementor-size-default\">AUSSTATTUNG<\/h3>\t\t\t\t<\/div>\n\t\t\t\t<\/div>\n\t\t\t\t\t<\/div>\n\t\t<\/div>\n\t\t\t\t\t<\/div>\n\t\t<\/section>\n\t\t\t\t<section class=\"elementor-section elementor-top-section elementor-element elementor-element-1d2bee78 elementor-section-content-middle elementor-section-full_width elementor-section-height-default elementor-section-height-default qodef-elementor-content-no\" data-id=\"1d2bee78\" data-element_type=\"section\" data-settings=\"{&quot;background_background&quot;:&quot;classic&quot;}\">\n\t\t\t\t\t\t<div class=\"elementor-container elementor-column-gap-no\">\n\t\t\t\t\t<div class=\"elementor-column elementor-col-50 elementor-top-column elementor-element elementor-element-6e1f90b9\" data-id=\"6e1f90b9\" data-element_type=\"column\">\n\t\t\t<div class=\"elementor-widget-wrap elementor-element-populated\">\n\t\t\t\t\t\t<div class=\"elementor-element elementor-element-56774da elementor-widget elementor-widget-text-editor\" data-id=\"56774da\" data-element_type=\"widget\" data-widget_type=\"text-editor.default\">\n\t\t\t\t<div class=\"elementor-widget-container\">\n\t\t\t\t\t\t\t\t\t<ul><li>Rezeption (24 Stunden)<ul><li>Express Check-out (auf Anfrage)<\/li><li>Gep\u00e4ckservice<\/li><\/ul><\/li><li>Lobby mit Sitzbereich<\/li><li>WiFi<\/li><li>Internet Corner \/ Info Point<ul><li>Business Center \/ Tablet Vermietung (gegen Geb\u00fchr)<\/li><\/ul><\/li><li>Snack Bar<\/li><li>Restaurant<ul><li>Fr\u00fches Fr\u00fchst\u00fcck (kontinental) 07:00-07:30 Uhr<\/li><li>Fr\u00fchst\u00fccksbuffet 07:30-10:30 Uhr<\/li><li>Sp\u00e4tes Fr\u00fchst\u00fcck (kontinental)  10:30-11:00 Uhr<\/li><li>Dinner 18:30-21:00<\/li><\/ul><\/li><li>Veranda<\/li><li>Swimming Pool<ul><li>S\u00fc\u00dfwasser<\/li><li>Kostenlose Liegen und Sonnenschirme<\/li><\/ul><\/li><li>Gazebos (gegen Geb\u00fchr)<\/li><li>Yoga- &amp; Meditationsbereich<\/li><li>Kostenloser Parkplatz<\/li><li>Zimmerservice (gegen Geb\u00fchr)<\/li><li>Speisen im Paket (auf Anfrage)<\/li><\/ul>\t\t\t\t\t\t\t\t<\/div>\n\t\t\t\t<\/div>\n\t\t\t\t\t<\/div>\n\t\t<\/div>\n\t\t\t\t<div class=\"elementor-column elementor-col-50 elementor-top-column elementor-element elementor-element-9194660\" data-id=\"9194660\" data-element_type=\"column\">\n\t\t\t<div class=\"elementor-widget-wrap elementor-element-populated\">\n\t\t\t\t\t\t<div class=\"elementor-element elementor-element-2a713f51 elementor-widget elementor-widget-image\" data-id=\"2a713f51\" data-element_type=\"widget\" data-widget_type=\"image.default\">\n\t\t\t\t<div class=\"elementor-widget-container\">\n\t\t\t\t\t\t\t\t\t\t\t\t\t\t\t<img decoding=\"async\" width=\"1024\" height=\"683\" src=\"https:\/\/aloeboutiquehotel.gr\/wp-content\/uploads\/2022\/07\/aloe-boutique-hotel-00011-1024x683.jpg\" class=\"attachment-large size-large wp-image-3574\" alt=\"\" srcset=\"https:\/\/aloeboutiquehotel.gr\/wp-content\/uploads\/2022\/07\/aloe-boutique-hotel-00011-1024x683.jpg 1024w, https:\/\/aloeboutiquehotel.gr\/wp-content\/uploads\/2022\/07\/aloe-boutique-hotel-00011-300x200.jpg 300w, https:\/\/aloeboutiquehotel.gr\/wp-content\/uploads\/2022\/07\/aloe-boutique-hotel-00011-768x512.jpg 768w, https:\/\/aloeboutiquehotel.gr\/wp-content\/uploads\/2022\/07\/aloe-boutique-hotel-00011-1536x1024.jpg 1536w, https:\/\/aloeboutiquehotel.gr\/wp-content\/uploads\/2022\/07\/aloe-boutique-hotel-00011.jpg 1600w\" sizes=\"(max-width: 1024px) 100vw, 1024px\" \/>\t\t\t\t\t\t\t\t\t\t\t\t\t\t\t<\/div>\n\t\t\t\t<\/div>\n\t\t\t\t\t<\/div>\n\t\t<\/div>\n\t\t\t\t\t<\/div>\n\t\t<\/section>\n\t\t\t\t<section class=\"elementor-section elementor-top-section elementor-element elementor-element-26f4a4b elementor-section-full_width elementor-hidden-tablet elementor-hidden-mobile elementor-section-height-default elementor-section-height-default qodef-elementor-content-no\" data-id=\"26f4a4b\" data-element_type=\"section\" data-settings=\"{&quot;background_background&quot;:&quot;classic&quot;}\">\n\t\t\t\t\t\t<div class=\"elementor-container elementor-column-gap-default\">\n\t\t\t\t\t<div class=\"elementor-column elementor-col-100 elementor-top-column elementor-element elementor-element-051ce22\" data-id=\"051ce22\" data-element_type=\"column\">\n\t\t\t<div class=\"elementor-widget-wrap elementor-element-populated\">\n\t\t\t\t\t\t<div class=\"elementor-element elementor-element-20238a0 elementor-widget elementor-widget-spacer\" data-id=\"20238a0\" data-element_type=\"widget\" data-widget_type=\"spacer.default\">\n\t\t\t\t<div class=\"elementor-widget-container\">\n\t\t\t\t\t\t\t<div class=\"elementor-spacer\">\n\t\t\t<div class=\"elementor-spacer-inner\"><\/div>\n\t\t<\/div>\n\t\t\t\t\t\t<\/div>\n\t\t\t\t<\/div>\n\t\t\t\t\t<\/div>\n\t\t<\/div>\n\t\t\t\t\t<\/div>\n\t\t<\/section>\n\t\t\t\t<section class=\"elementor-section elementor-top-section elementor-element elementor-element-fc83011 elementor-section-boxed elementor-section-height-default elementor-section-height-default qodef-elementor-content-no\" data-id=\"fc83011\" data-element_type=\"section\">\n\t\t\t\t\t\t<div class=\"elementor-container elementor-column-gap-default\">\n\t\t\t\t\t<div class=\"elementor-column elementor-col-100 elementor-top-column elementor-element elementor-element-5fc5c95\" data-id=\"5fc5c95\" data-element_type=\"column\">\n\t\t\t<div class=\"elementor-widget-wrap elementor-element-populated\">\n\t\t\t\t\t\t<div class=\"elementor-element elementor-element-d9e217e elementor-widget elementor-widget-spacer\" data-id=\"d9e217e\" data-element_type=\"widget\" data-widget_type=\"spacer.default\">\n\t\t\t\t<div class=\"elementor-widget-container\">\n\t\t\t\t\t\t\t<div class=\"elementor-spacer\">\n\t\t\t<div class=\"elementor-spacer-inner\"><\/div>\n\t\t<\/div>\n\t\t\t\t\t\t<\/div>\n\t\t\t\t<\/div>\n\t\t\t\t<div class=\"elementor-element elementor-element-6487979 elementor-widget elementor-widget-heading\" data-id=\"6487979\" data-element_type=\"widget\" data-widget_type=\"heading.default\">\n\t\t\t\t<div class=\"elementor-widget-container\">\n\t\t\t\t\t<h1 class=\"elementor-heading-title elementor-size-default\">Our partner hotel ANISSA BEACH &amp; VILLAGE        <\/h1>\t\t\t\t<\/div>\n\t\t\t\t<\/div>\n\t\t\t\t<div class=\"elementor-element elementor-element-540c145 elementor-widget elementor-widget-text-editor\" data-id=\"540c145\" data-element_type=\"widget\" data-widget_type=\"text-editor.default\">\n\t\t\t\t<div class=\"elementor-widget-container\">\n\t\t\t\t\t\t\t\t\t<p>ALOE Boutique Hotel is situated in 1 km distance and we offer a regular shuttle service for free so that you may use the beautiful beach in front of the hotel.<\/p><p>From 01.04.2025 &#8211; when our partner hotel will open &#8211; you can also use all other facilities of the resort including the theme restaurants for dinner within your halfboard package (Greek tavern &#8220;Elia&#8221;, Italian Restaurant &#8220;Peccato Divino&#8221;, Steak corner &#8211; once per week at each restaurant &#8211; with reservation).<\/p>\t\t\t\t\t\t\t\t<\/div>\n\t\t\t\t<\/div>\n\t\t\t\t<div class=\"elementor-element elementor-element-f47f523 elementor-align-center elementor-widget elementor-widget-button\" data-id=\"f47f523\" data-element_type=\"widget\" data-widget_type=\"button.default\">\n\t\t\t\t<div class=\"elementor-widget-container\">\n\t\t\t\t\t\t\t\t\t<div class=\"elementor-button-wrapper\">\n\t\t\t\t\t<a class=\"elementor-button elementor-button-link elementor-size-md\" href=\"https:\/\/anissabeach.com\/\">\n\t\t\t\t\t\t<span class=\"elementor-button-content-wrapper\">\n\t\t\t\t\t\t\t\t\t<span class=\"elementor-button-text\">MEHR ERFAHREN<\/span>\n\t\t\t\t\t<\/span>\n\t\t\t\t\t<\/a>\n\t\t\t\t<\/div>\n\t\t\t\t\t\t\t\t<\/div>\n\t\t\t\t<\/div>\n\t\t\t\t<div class=\"elementor-element elementor-element-7971609 elementor-widget elementor-widget-spacer\" data-id=\"7971609\" data-element_type=\"widget\" data-widget_type=\"spacer.default\">\n\t\t\t\t<div class=\"elementor-widget-container\">\n\t\t\t\t\t\t\t<div class=\"elementor-spacer\">\n\t\t\t<div class=\"elementor-spacer-inner\"><\/div>\n\t\t<\/div>\n\t\t\t\t\t\t<\/div>\n\t\t\t\t<\/div>\n\t\t\t\t\t<\/div>\n\t\t<\/div>\n\t\t\t\t\t<\/div>\n\t\t<\/section>\n\t\t\t\t<\/div>","protected":false},"excerpt":{"rendered":"<p>Amenities and Services Reception (24 hours) Express Check-out (on request) Luggage Service Lobby with sitting area WiFi Internet Corner \/ Info Point Business Center \/ Tablet Rental (Extra charge) Snack Bar Restaurant Early Breakfast (continental) 07:00-07:30h Breakfast buffet 07:30-10:30h Late breakfast (continental)\u00a0 10:30-11:00h Dinner 18:30-21:00 Veranda Swimming Pool Fresh water Free sunbeds and umbrellas Gazebos [&hellip;]<\/p>","protected":false},"author":1,"featured_media":0,"parent":0,"menu_order":0,"comment_status":"closed","ping_status":"closed","template":"page-full-width.php","meta":{"footnotes":""},"class_list":["post-3632","page","type-page","status-publish","hentry"],"yoast_head":"<!-- This site is optimized with the Yoast SEO plugin v24.1 - https:\/\/yoast.com\/wordpress\/plugins\/seo\/ -->\n<title>ALOE Boutique Hotel in Anissaras - Hersonissos<\/title>\n<meta name=\"description\" content=\"ALOE Boutique Hotel in Anissaras offers you 25 rooms \u2013 with 8 of them having an individual pool. Enjoy the absolute refreshing holiday\" \/>\n<meta name=\"robots\" content=\"index, follow, max-snippet:-1, max-image-preview:large, max-video-preview:-1\" \/>\n<link rel=\"canonical\" href=\"https:\/\/aloeboutiquehotel.gr\/de\/amenities-services\/\" \/>\n<meta property=\"og:locale\" content=\"de_DE\" \/>\n<meta property=\"og:type\" content=\"article\" \/>\n<meta property=\"og:title\" content=\"ALOE Boutique Hotel in Anissaras - Hersonissos\" \/>\n<meta property=\"og:description\" content=\"ALOE Boutique Hotel in Anissaras offers you 25 rooms \u2013 with 8 of them having an individual pool. Enjoy the absolute refreshing holiday\" \/>\n<meta property=\"og:url\" content=\"https:\/\/aloeboutiquehotel.gr\/de\/amenities-services\/\" \/>\n<meta property=\"og:site_name\" content=\"ALOE BOUTIQUE HOTEL\" \/>\n<meta property=\"article:modified_time\" content=\"2025-02-15T10:25:35+00:00\" \/>\n<meta property=\"og:image\" content=\"https:\/\/aloeboutiquehotel.gr\/wp-content\/uploads\/2022\/07\/aloe-boutique-hotel-00011-1024x683.jpg\" \/>\n<meta name=\"twitter:card\" content=\"summary_large_image\" \/>\n<meta name=\"twitter:label1\" content=\"Gesch\u00e4tzte Lesezeit\" \/>\n\t<meta name=\"twitter:data1\" content=\"1 Minute\" \/>\n<script type=\"application\/ld+json\" class=\"yoast-schema-graph\">{\"@context\":\"https:\/\/schema.org\",\"@graph\":[{\"@type\":\"WebPage\",\"@id\":\"https:\/\/aloeboutiquehotel.gr\/amenities-services\/\",\"url\":\"https:\/\/aloeboutiquehotel.gr\/amenities-services\/\",\"name\":\"ALOE Boutique Hotel in Anissaras - Hersonissos\",\"isPartOf\":{\"@id\":\"https:\/\/aloeboutiquehotel.gr\/#website\"},\"primaryImageOfPage\":{\"@id\":\"https:\/\/aloeboutiquehotel.gr\/amenities-services\/#primaryimage\"},\"image\":{\"@id\":\"https:\/\/aloeboutiquehotel.gr\/amenities-services\/#primaryimage\"},\"thumbnailUrl\":\"https:\/\/aloeboutiquehotel.gr\/wp-content\/uploads\/2022\/07\/aloe-boutique-hotel-00011-1024x683.jpg\",\"datePublished\":\"2022-07-05T14:23:48+00:00\",\"dateModified\":\"2025-02-15T10:25:35+00:00\",\"description\":\"ALOE Boutique Hotel in Anissaras offers you 25 rooms \u2013 with 8 of them having an individual pool. Enjoy the absolute refreshing holiday\",\"breadcrumb\":{\"@id\":\"https:\/\/aloeboutiquehotel.gr\/amenities-services\/#breadcrumb\"},\"inLanguage\":\"de-DE\",\"potentialAction\":[{\"@type\":\"ReadAction\",\"target\":[\"https:\/\/aloeboutiquehotel.gr\/amenities-services\/\"]}]},{\"@type\":\"ImageObject\",\"inLanguage\":\"de-DE\",\"@id\":\"https:\/\/aloeboutiquehotel.gr\/amenities-services\/#primaryimage\",\"url\":\"https:\/\/aloeboutiquehotel.gr\/wp-content\/uploads\/2022\/07\/aloe-boutique-hotel-00011-1024x683.jpg\",\"contentUrl\":\"https:\/\/aloeboutiquehotel.gr\/wp-content\/uploads\/2022\/07\/aloe-boutique-hotel-00011-1024x683.jpg\"},{\"@type\":\"BreadcrumbList\",\"@id\":\"https:\/\/aloeboutiquehotel.gr\/amenities-services\/#breadcrumb\",\"itemListElement\":[{\"@type\":\"ListItem\",\"position\":1,\"name\":\"Home\",\"item\":\"https:\/\/aloeboutiquehotel.gr\/\"},{\"@type\":\"ListItem\",\"position\":2,\"name\":\"Amenities &#038; Services\"}]},{\"@type\":\"WebSite\",\"@id\":\"https:\/\/aloeboutiquehotel.gr\/#website\",\"url\":\"https:\/\/aloeboutiquehotel.gr\/\",\"name\":\"ALOE BOUTIQUE HOTEL\",\"description\":\"\",\"publisher\":{\"@id\":\"https:\/\/aloeboutiquehotel.gr\/#organization\"},\"potentialAction\":[{\"@type\":\"SearchAction\",\"target\":{\"@type\":\"EntryPoint\",\"urlTemplate\":\"https:\/\/aloeboutiquehotel.gr\/?s={search_term_string}\"},\"query-input\":{\"@type\":\"PropertyValueSpecification\",\"valueRequired\":true,\"valueName\":\"search_term_string\"}}],\"inLanguage\":\"de-DE\"},{\"@type\":\"Organization\",\"@id\":\"https:\/\/aloeboutiquehotel.gr\/#organization\",\"name\":\"Maria Apartments Kato Gouves\",\"url\":\"https:\/\/aloeboutiquehotel.gr\/\",\"logo\":{\"@type\":\"ImageObject\",\"inLanguage\":\"de-DE\",\"@id\":\"https:\/\/aloeboutiquehotel.gr\/#\/schema\/logo\/image\/\",\"url\":\"https:\/\/aloeboutiquehotel.gr\/wp-content\/uploads\/2022\/06\/m-black.png\",\"contentUrl\":\"https:\/\/aloeboutiquehotel.gr\/wp-content\/uploads\/2022\/06\/m-black.png\",\"width\":157,\"height\":182,\"caption\":\"Maria Apartments Kato Gouves\"},\"image\":{\"@id\":\"https:\/\/aloeboutiquehotel.gr\/#\/schema\/logo\/image\/\"}}]}<\/script>\n<!-- \/ Yoast SEO plugin. -->","yoast_head_json":{"title":"ALOE Boutique Hotel in Anissaras - Hersonissos","description":"ALOE Boutique Hotel in Anissaras offers you 25 rooms \u2013 with 8 of them having an individual pool. Enjoy the absolute refreshing holiday","robots":{"index":"index","follow":"follow","max-snippet":"max-snippet:-1","max-image-preview":"max-image-preview:large","max-video-preview":"max-video-preview:-1"},"canonical":"https:\/\/aloeboutiquehotel.gr\/de\/amenities-services\/","og_locale":"de_DE","og_type":"article","og_title":"ALOE Boutique Hotel in Anissaras - Hersonissos","og_description":"ALOE Boutique Hotel in Anissaras offers you 25 rooms \u2013 with 8 of them having an individual pool. Enjoy the absolute refreshing holiday","og_url":"https:\/\/aloeboutiquehotel.gr\/de\/amenities-services\/","og_site_name":"ALOE BOUTIQUE HOTEL","article_modified_time":"2025-02-15T10:25:35+00:00","og_image":[{"url":"https:\/\/aloeboutiquehotel.gr\/wp-content\/uploads\/2022\/07\/aloe-boutique-hotel-00011-1024x683.jpg","type":"","width":"","height":""}],"twitter_card":"summary_large_image","twitter_misc":{"Gesch\u00e4tzte Lesezeit":"1 Minute"},"schema":{"@context":"https:\/\/schema.org","@graph":[{"@type":"WebPage","@id":"https:\/\/aloeboutiquehotel.gr\/amenities-services\/","url":"https:\/\/aloeboutiquehotel.gr\/amenities-services\/","name":"ALOE Boutique Hotel in Anissaras - Hersonissos","isPartOf":{"@id":"https:\/\/aloeboutiquehotel.gr\/#website"},"primaryImageOfPage":{"@id":"https:\/\/aloeboutiquehotel.gr\/amenities-services\/#primaryimage"},"image":{"@id":"https:\/\/aloeboutiquehotel.gr\/amenities-services\/#primaryimage"},"thumbnailUrl":"https:\/\/aloeboutiquehotel.gr\/wp-content\/uploads\/2022\/07\/aloe-boutique-hotel-00011-1024x683.jpg","datePublished":"2022-07-05T14:23:48+00:00","dateModified":"2025-02-15T10:25:35+00:00","description":"ALOE Boutique Hotel in Anissaras offers you 25 rooms \u2013 with 8 of them having an individual pool. Enjoy the absolute refreshing holiday","breadcrumb":{"@id":"https:\/\/aloeboutiquehotel.gr\/amenities-services\/#breadcrumb"},"inLanguage":"de-DE","potentialAction":[{"@type":"ReadAction","target":["https:\/\/aloeboutiquehotel.gr\/amenities-services\/"]}]},{"@type":"ImageObject","inLanguage":"de-DE","@id":"https:\/\/aloeboutiquehotel.gr\/amenities-services\/#primaryimage","url":"https:\/\/aloeboutiquehotel.gr\/wp-content\/uploads\/2022\/07\/aloe-boutique-hotel-00011-1024x683.jpg","contentUrl":"https:\/\/aloeboutiquehotel.gr\/wp-content\/uploads\/2022\/07\/aloe-boutique-hotel-00011-1024x683.jpg"},{"@type":"BreadcrumbList","@id":"https:\/\/aloeboutiquehotel.gr\/amenities-services\/#breadcrumb","itemListElement":[{"@type":"ListItem","position":1,"name":"Home","item":"https:\/\/aloeboutiquehotel.gr\/"},{"@type":"ListItem","position":2,"name":"Amenities &#038; Services"}]},{"@type":"WebSite","@id":"https:\/\/aloeboutiquehotel.gr\/#website","url":"https:\/\/aloeboutiquehotel.gr\/","name":"ALOE BOUTIQUE HOTEL","description":"","publisher":{"@id":"https:\/\/aloeboutiquehotel.gr\/#organization"},"potentialAction":[{"@type":"SearchAction","target":{"@type":"EntryPoint","urlTemplate":"https:\/\/aloeboutiquehotel.gr\/?s={search_term_string}"},"query-input":{"@type":"PropertyValueSpecification","valueRequired":true,"valueName":"search_term_string"}}],"inLanguage":"de-DE"},{"@type":"Organization","@id":"https:\/\/aloeboutiquehotel.gr\/#organization","name":"Maria Apartments Kato Gouves","url":"https:\/\/aloeboutiquehotel.gr\/","logo":{"@type":"ImageObject","inLanguage":"de-DE","@id":"https:\/\/aloeboutiquehotel.gr\/#\/schema\/logo\/image\/","url":"https:\/\/aloeboutiquehotel.gr\/wp-content\/uploads\/2022\/06\/m-black.png","contentUrl":"https:\/\/aloeboutiquehotel.gr\/wp-content\/uploads\/2022\/06\/m-black.png","width":157,"height":182,"caption":"Maria Apartments Kato Gouves"},"image":{"@id":"https:\/\/aloeboutiquehotel.gr\/#\/schema\/logo\/image\/"}}]}},"_links":{"self":[{"href":"https:\/\/aloeboutiquehotel.gr\/de\/wp-json\/wp\/v2\/pages\/3632"}],"collection":[{"href":"https:\/\/aloeboutiquehotel.gr\/de\/wp-json\/wp\/v2\/pages"}],"about":[{"href":"https:\/\/aloeboutiquehotel.gr\/de\/wp-json\/wp\/v2\/types\/page"}],"author":[{"embeddable":true,"href":"https:\/\/aloeboutiquehotel.gr\/de\/wp-json\/wp\/v2\/users\/1"}],"replies":[{"embeddable":true,"href":"https:\/\/aloeboutiquehotel.gr\/de\/wp-json\/wp\/v2\/comments?post=3632"}],"version-history":[{"count":33,"href":"https:\/\/aloeboutiquehotel.gr\/de\/wp-json\/wp\/v2\/pages\/3632\/revisions"}],"predecessor-version":[{"id":3890,"href":"https:\/\/aloeboutiquehotel.gr\/de\/wp-json\/wp\/v2\/pages\/3632\/revisions\/3890"}],"wp:attachment":[{"href":"https:\/\/aloeboutiquehotel.gr\/de\/wp-json\/wp\/v2\/media?parent=3632"}],"curies":[{"name":"wp","href":"https:\/\/api.w.org\/{rel}","templated":true}]}}